{"id":31274,"date":"2022-06-22T16:23:14","date_gmt":"2022-06-22T14:23:14","guid":{"rendered":"https:\/\/www.nessuno-butyou.com\/?post_type=product&#038;p=31274"},"modified":"2023-07-17T11:07:00","modified_gmt":"2023-07-17T09:07:00","slug":"robe-chemise","status":"publish","type":"product","link":"https:\/\/www.nessuno-butyou.com\/en\/product\/robe-chemise\/","title":{"rendered":"Robe chemise"},"content":{"rendered":"","protected":false},"excerpt":{"rendered":"<p><img loading=\"lazy\" decoding=\"async\" class=\"alignnone wp-image-31506 size-full\" src=\"https:\/\/www.nessuno-butyou.com\/wp-content\/uploads\/2022\/06\/She\u0301masFemmes600px_RobesChem.png\" alt=\"\" width=\"600\" height=\"795\" srcset=\"https:\/\/www.nessuno-butyou.com\/wp-content\/uploads\/2022\/06\/She\u0301masFemmes600px_RobesChem.png 600w, https:\/\/www.nessuno-butyou.com\/wp-content\/uploads\/2022\/06\/She\u0301masFemmes600px_RobesChem-377x500.png 377w, https:\/\/www.nessuno-butyou.com\/wp-content\/uploads\/2022\/06\/She\u0301masFemmes600px_RobesChem-9x12.png 9w, https:\/\/www.nessuno-butyou.com\/wp-content\/uploads\/2022\/06\/She\u0301masFemmes600px_RobesChem-500x663.png 500w\" sizes=\"auto, (max-width: 600px) 100vw, 600px\" \/><\/p>","protected":false},"featured_media":31381,"template":"","meta":{"site-sidebar-layout":"default","site-content-layout":"default","ast-global-header-display":"","ast-banner-title-visibility":"","ast-main-header-display":"","ast-hfb-above-header-display":"","ast-hfb-below-header-display":"","ast-hfb-mobile-header-display":"","site-post-title":"","ast-breadcrumbs-content":"","ast-featured-img":"","footer-sml-layout":"","theme-transparent-header-meta":"default","adv-header-id-meta":"","stick-header-meta":"","header-above-stick-meta":"","header-main-stick-meta":"","header-below-stick-meta":""},"product_cat":[37],"product_tag":[],"class_list":["post-31274","product","type-product","status-publish","has-post-thumbnail","hentry","product_cat-robe-chemise","align-left","box-shadow-0","box-shadow-0-hover","ast-product-gallery-layout-horizontal","ast-product-gallery-with-no-image","ast-product-tabs-layout-vertical"],"yoast_head":"<!-- This site is optimized with the Yoast SEO plugin v20.11 - https:\/\/yoast.com\/wordpress\/plugins\/seo\/ -->\n<title>Robe chemise - Nessuno<\/title>\n<meta name=\"description\" content=\"La nouvelle collection Nessuno Printemps-\u00c9t\u00e9 est l\u00e0 ! Nous vous proposons 6 couleurs robe chemise en lin. Des bleus pastels du L\u00e9man, du classique orange coucher de soleil au vert frais des contr\u00e9es du nord. Des chemises \u00e0 porter en dehors du pantalon, \u00e0 associer avec un jean ou un chino. La parfaite tenue des beaux jours, \u00e0 porter sur la plage et en fin de journ\u00e9e l\u00e9g\u00e8rement reboutonn\u00e9e. Laissez-vous porter par vos envies, au programme des pieds dans l\u2019eau, vivre en chemise courtes et voile de lin !\" \/>\n<meta name=\"robots\" content=\"index, follow, max-snippet:-1, max-image-preview:large, max-video-preview:-1\" \/>\n<link rel=\"canonical\" href=\"https:\/\/www.nessuno-butyou.com\/en\/product\/robe-chemise\/\" \/>\n<meta property=\"og:locale\" content=\"en_GB\" \/>\n<meta property=\"og:type\" content=\"article\" \/>\n<meta property=\"og:title\" content=\"Robe chemise - Nessuno\" \/>\n<meta property=\"og:description\" content=\"La nouvelle collection Nessuno Printemps-\u00c9t\u00e9 est l\u00e0 ! Nous vous proposons 6 couleurs robe chemise en lin. Des bleus pastels du L\u00e9man, du classique orange coucher de soleil au vert frais des contr\u00e9es du nord. Des chemises \u00e0 porter en dehors du pantalon, \u00e0 associer avec un jean ou un chino. La parfaite tenue des beaux jours, \u00e0 porter sur la plage et en fin de journ\u00e9e l\u00e9g\u00e8rement reboutonn\u00e9e. Laissez-vous porter par vos envies, au programme des pieds dans l\u2019eau, vivre en chemise courtes et voile de lin !\" \/>\n<meta property=\"og:url\" content=\"https:\/\/www.nessuno-butyou.com\/en\/product\/robe-chemise\/\" \/>\n<meta property=\"og:site_name\" content=\"Nessuno\" \/>\n<meta property=\"article:modified_time\" content=\"2023-07-17T09:07:00+00:00\" \/>\n<meta property=\"og:image\" content=\"https:\/\/www.nessuno-butyou.com\/wp-content\/uploads\/2022\/06\/Femme_White.webp\" \/>\n\t<meta property=\"og:image:width\" content=\"800\" \/>\n\t<meta property=\"og:image:height\" content=\"1202\" \/>\n\t<meta property=\"og:image:type\" content=\"image\/webp\" \/>\n<meta name=\"twitter:card\" content=\"summary_large_image\" \/>\n<script type=\"application\/ld+json\" class=\"yoast-schema-graph\">{\"@context\":\"https:\/\/schema.org\",\"@graph\":[{\"@type\":\"WebPage\",\"@id\":\"https:\/\/www.nessuno-butyou.com\/produit\/robe-chemise\/\",\"url\":\"https:\/\/www.nessuno-butyou.com\/produit\/robe-chemise\/\",\"name\":\"Robe chemise - Nessuno\",\"isPartOf\":{\"@id\":\"https:\/\/www.nessuno-butyou.com\/#website\"},\"datePublished\":\"2022-06-22T14:23:14+00:00\",\"dateModified\":\"2023-07-17T09:07:00+00:00\",\"description\":\"La nouvelle collection Nessuno Printemps-\u00c9t\u00e9 est l\u00e0 ! Nous vous proposons 6 couleurs robe chemise en lin. Des bleus pastels du L\u00e9man, du classique orange coucher de soleil au vert frais des contr\u00e9es du nord. Des chemises \u00e0 porter en dehors du pantalon, \u00e0 associer avec un jean ou un chino. La parfaite tenue des beaux jours, \u00e0 porter sur la plage et en fin de journ\u00e9e l\u00e9g\u00e8rement reboutonn\u00e9e. Laissez-vous porter par vos envies, au programme des pieds dans l\u2019eau, vivre en chemise courtes et voile de lin !\",\"breadcrumb\":{\"@id\":\"https:\/\/www.nessuno-butyou.com\/produit\/robe-chemise\/#breadcrumb\"},\"inLanguage\":\"en-GB\",\"potentialAction\":[{\"@type\":\"ReadAction\",\"target\":[\"https:\/\/www.nessuno-butyou.com\/produit\/robe-chemise\/\"]}]},{\"@type\":\"BreadcrumbList\",\"@id\":\"https:\/\/www.nessuno-butyou.com\/produit\/robe-chemise\/#breadcrumb\",\"itemListElement\":[{\"@type\":\"ListItem\",\"position\":1,\"name\":\"Home\",\"item\":\"https:\/\/www.nessuno-butyou.com\/\"},{\"@type\":\"ListItem\",\"position\":2,\"name\":\"Produits\",\"item\":\"https:\/\/www.nessuno-butyou.com\/boutique__trashed\/\"},{\"@type\":\"ListItem\",\"position\":3,\"name\":\"Robe chemise\"}]},{\"@type\":\"WebSite\",\"@id\":\"https:\/\/www.nessuno-butyou.com\/#website\",\"url\":\"https:\/\/www.nessuno-butyou.com\/\",\"name\":\"Nessuno\",\"description\":\"Sp\u00e9cialiste du lin\",\"publisher\":{\"@id\":\"https:\/\/www.nessuno-butyou.com\/#organization\"},\"potentialAction\":[{\"@type\":\"SearchAction\",\"target\":{\"@type\":\"EntryPoint\",\"urlTemplate\":\"https:\/\/www.nessuno-butyou.com\/?s={search_term_string}\"},\"query-input\":\"required name=search_term_string\"}],\"inLanguage\":\"en-GB\"},{\"@type\":\"Organization\",\"@id\":\"https:\/\/www.nessuno-butyou.com\/#organization\",\"name\":\"Nessuno\",\"url\":\"https:\/\/www.nessuno-butyou.com\/\",\"logo\":{\"@type\":\"ImageObject\",\"inLanguage\":\"en-GB\",\"@id\":\"https:\/\/www.nessuno-butyou.com\/#\/schema\/logo\/image\/\",\"url\":\"https:\/\/www.nessuno-butyou.com\/wp-content\/uploads\/2021\/08\/Nessuno-Logo.png\",\"contentUrl\":\"https:\/\/www.nessuno-butyou.com\/wp-content\/uploads\/2021\/08\/Nessuno-Logo.png\",\"width\":500,\"height\":85,\"caption\":\"Nessuno\"},\"image\":{\"@id\":\"https:\/\/www.nessuno-butyou.com\/#\/schema\/logo\/image\/\"}}]}<\/script>\n<!-- \/ Yoast SEO plugin. -->","yoast_head_json":{"title":"Robe chemise - Nessuno","description":"La nouvelle collection Nessuno Printemps-\u00c9t\u00e9 est l\u00e0 ! Nous vous proposons 6 couleurs robe chemise en lin. Des bleus pastels du L\u00e9man, du classique orange coucher de soleil au vert frais des contr\u00e9es du nord. Des chemises \u00e0 porter en dehors du pantalon, \u00e0 associer avec un jean ou un chino. La parfaite tenue des beaux jours, \u00e0 porter sur la plage et en fin de journ\u00e9e l\u00e9g\u00e8rement reboutonn\u00e9e. Laissez-vous porter par vos envies, au programme des pieds dans l\u2019eau, vivre en chemise courtes et voile de lin !","robots":{"index":"index","follow":"follow","max-snippet":"max-snippet:-1","max-image-preview":"max-image-preview:large","max-video-preview":"max-video-preview:-1"},"canonical":"https:\/\/www.nessuno-butyou.com\/en\/product\/robe-chemise\/","og_locale":"en_GB","og_type":"article","og_title":"Robe chemise - Nessuno","og_description":"La nouvelle collection Nessuno Printemps-\u00c9t\u00e9 est l\u00e0 ! Nous vous proposons 6 couleurs robe chemise en lin. Des bleus pastels du L\u00e9man, du classique orange coucher de soleil au vert frais des contr\u00e9es du nord. Des chemises \u00e0 porter en dehors du pantalon, \u00e0 associer avec un jean ou un chino. La parfaite tenue des beaux jours, \u00e0 porter sur la plage et en fin de journ\u00e9e l\u00e9g\u00e8rement reboutonn\u00e9e. Laissez-vous porter par vos envies, au programme des pieds dans l\u2019eau, vivre en chemise courtes et voile de lin !","og_url":"https:\/\/www.nessuno-butyou.com\/en\/product\/robe-chemise\/","og_site_name":"Nessuno","article_modified_time":"2023-07-17T09:07:00+00:00","og_image":[{"width":800,"height":1202,"url":"https:\/\/www.nessuno-butyou.com\/wp-content\/uploads\/2022\/06\/Femme_White.webp","type":"image\/webp"}],"twitter_card":"summary_large_image","schema":{"@context":"https:\/\/schema.org","@graph":[{"@type":"WebPage","@id":"https:\/\/www.nessuno-butyou.com\/produit\/robe-chemise\/","url":"https:\/\/www.nessuno-butyou.com\/produit\/robe-chemise\/","name":"Robe chemise - Nessuno","isPartOf":{"@id":"https:\/\/www.nessuno-butyou.com\/#website"},"datePublished":"2022-06-22T14:23:14+00:00","dateModified":"2023-07-17T09:07:00+00:00","description":"La nouvelle collection Nessuno Printemps-\u00c9t\u00e9 est l\u00e0 ! Nous vous proposons 6 couleurs robe chemise en lin. Des bleus pastels du L\u00e9man, du classique orange coucher de soleil au vert frais des contr\u00e9es du nord. Des chemises \u00e0 porter en dehors du pantalon, \u00e0 associer avec un jean ou un chino. La parfaite tenue des beaux jours, \u00e0 porter sur la plage et en fin de journ\u00e9e l\u00e9g\u00e8rement reboutonn\u00e9e. Laissez-vous porter par vos envies, au programme des pieds dans l\u2019eau, vivre en chemise courtes et voile de lin !","breadcrumb":{"@id":"https:\/\/www.nessuno-butyou.com\/produit\/robe-chemise\/#breadcrumb"},"inLanguage":"en-GB","potentialAction":[{"@type":"ReadAction","target":["https:\/\/www.nessuno-butyou.com\/produit\/robe-chemise\/"]}]},{"@type":"BreadcrumbList","@id":"https:\/\/www.nessuno-butyou.com\/produit\/robe-chemise\/#breadcrumb","itemListElement":[{"@type":"ListItem","position":1,"name":"Home","item":"https:\/\/www.nessuno-butyou.com\/"},{"@type":"ListItem","position":2,"name":"Produits","item":"https:\/\/www.nessuno-butyou.com\/boutique__trashed\/"},{"@type":"ListItem","position":3,"name":"Robe chemise"}]},{"@type":"WebSite","@id":"https:\/\/www.nessuno-butyou.com\/#website","url":"https:\/\/www.nessuno-butyou.com\/","name":"Nessuno","description":"Sp\u00e9cialiste du lin","publisher":{"@id":"https:\/\/www.nessuno-butyou.com\/#organization"},"potentialAction":[{"@type":"SearchAction","target":{"@type":"EntryPoint","urlTemplate":"https:\/\/www.nessuno-butyou.com\/?s={search_term_string}"},"query-input":"required name=search_term_string"}],"inLanguage":"en-GB"},{"@type":"Organization","@id":"https:\/\/www.nessuno-butyou.com\/#organization","name":"Nessuno","url":"https:\/\/www.nessuno-butyou.com\/","logo":{"@type":"ImageObject","inLanguage":"en-GB","@id":"https:\/\/www.nessuno-butyou.com\/#\/schema\/logo\/image\/","url":"https:\/\/www.nessuno-butyou.com\/wp-content\/uploads\/2021\/08\/Nessuno-Logo.png","contentUrl":"https:\/\/www.nessuno-butyou.com\/wp-content\/uploads\/2021\/08\/Nessuno-Logo.png","width":500,"height":85,"caption":"Nessuno"},"image":{"@id":"https:\/\/www.nessuno-butyou.com\/#\/schema\/logo\/image\/"}}]}},"_links":{"self":[{"href":"https:\/\/www.nessuno-butyou.com\/en\/wp-json\/wp\/v2\/product\/31274","targetHints":{"allow":["GET"]}}],"collection":[{"href":"https:\/\/www.nessuno-butyou.com\/en\/wp-json\/wp\/v2\/product"}],"about":[{"href":"https:\/\/www.nessuno-butyou.com\/en\/wp-json\/wp\/v2\/types\/product"}],"wp:featuredmedia":[{"embeddable":true,"href":"https:\/\/www.nessuno-butyou.com\/en\/wp-json\/wp\/v2\/media\/31381"}],"wp:attachment":[{"href":"https:\/\/www.nessuno-butyou.com\/en\/wp-json\/wp\/v2\/media?parent=31274"}],"wp:term":[{"taxonomy":"product_cat","embeddable":true,"href":"https:\/\/www.nessuno-butyou.com\/en\/wp-json\/wp\/v2\/product_cat?post=31274"},{"taxonomy":"product_tag","embeddable":true,"href":"https:\/\/www.nessuno-butyou.com\/en\/wp-json\/wp\/v2\/product_tag?post=31274"}],"curies":[{"name":"wp","href":"https:\/\/api.w.org\/{rel}","templated":true}]}}