{"id":29395,"date":"2022-01-14T15:35:14","date_gmt":"2022-01-14T14:35:14","guid":{"rendered":"https:\/\/www.nessuno-butyou.com\/?post_type=product&#038;p=29395"},"modified":"2023-06-24T11:01:18","modified_gmt":"2023-06-24T09:01:18","slug":"la-chemise-en-lin-sans-poche","status":"publish","type":"product","link":"https:\/\/www.nessuno-butyou.com\/en\/product\/la-chemise-en-lin-sans-poche\/","title":{"rendered":"Without pocket"},"content":{"rendered":"","protected":false},"excerpt":{"rendered":"<p><img loading=\"lazy\" decoding=\"async\" class=\"alignnone wp-image-31499 size-full\" src=\"https:\/\/www.nessuno-butyou.com\/wp-content\/uploads\/2022\/01\/2_She\u0301ma600x700px_Chemises_Shorts_RobesChem2.png\" alt=\"\" width=\"600\" height=\"650\" srcset=\"https:\/\/www.nessuno-butyou.com\/wp-content\/uploads\/2022\/01\/2_She\u0301ma600x700px_Chemises_Shorts_RobesChem2.png 600w, https:\/\/www.nessuno-butyou.com\/wp-content\/uploads\/2022\/01\/2_She\u0301ma600x700px_Chemises_Shorts_RobesChem2-462x500.png 462w, https:\/\/www.nessuno-butyou.com\/wp-content\/uploads\/2022\/01\/2_She\u0301ma600x700px_Chemises_Shorts_RobesChem2-11x12.png 11w, https:\/\/www.nessuno-butyou.com\/wp-content\/uploads\/2022\/01\/2_She\u0301ma600x700px_Chemises_Shorts_RobesChem2-500x542.png 500w\" sizes=\"auto, (max-width: 600px) 100vw, 600px\" \/><\/p>","protected":false},"featured_media":30597,"template":"","meta":{"site-sidebar-layout":"default","site-content-layout":"default","ast-global-header-display":"","ast-banner-title-visibility":"","ast-main-header-display":"","ast-hfb-above-header-display":"","ast-hfb-below-header-display":"","ast-hfb-mobile-header-display":"","site-post-title":"","ast-breadcrumbs-content":"","ast-featured-img":"","footer-sml-layout":"","theme-transparent-header-meta":"default","adv-header-id-meta":"","stick-header-meta":"","header-above-stick-meta":"","header-main-stick-meta":"","header-below-stick-meta":""},"product_cat":[24],"product_tag":[],"class_list":["post-29395","product","type-product","status-publish","has-post-thumbnail","hentry","product_cat-sans-poche","align-left","box-shadow-0","box-shadow-0-hover","ast-product-gallery-layout-horizontal","ast-product-gallery-with-no-image","ast-product-tabs-layout-vertical"],"yoast_head":"<!-- This site is optimized with the Yoast SEO plugin v20.11 - https:\/\/yoast.com\/wordpress\/plugins\/seo\/ -->\n<title>Sans poche - Nessuno<\/title>\n<meta name=\"description\" content=\"Nous vous proposons de nouvelles couleurs et de nouveaux motifs. Du pastel, des bleus bord du L\u00e9man, du classique ou encore m\u00eame du lign\u00e9. Des chemises en lin Sans poche \u00e0 porter en dehors du pantalon, \u00e0 associer avec un jean ou un chino. La parfaite tenue des beaux jours, \u00e0 porter de jour et en fin de journ\u00e9e l\u00e9g\u00e8rement reboutonn\u00e9e. Laissez-vous porter par vos envies, au programme des pieds dans l\u2019eau, vivre en chemise courtes et voile de lin !\" \/>\n<meta name=\"robots\" content=\"index, follow, max-snippet:-1, max-image-preview:large, max-video-preview:-1\" \/>\n<link rel=\"canonical\" href=\"https:\/\/www.nessuno-butyou.com\/en\/product\/la-chemise-en-lin-sans-poche\/\" \/>\n<meta property=\"og:locale\" content=\"en_GB\" \/>\n<meta property=\"og:type\" content=\"article\" \/>\n<meta property=\"og:title\" content=\"Sans poche - Nessuno\" \/>\n<meta property=\"og:description\" content=\"Nous vous proposons de nouvelles couleurs et de nouveaux motifs. Du pastel, des bleus bord du L\u00e9man, du classique ou encore m\u00eame du lign\u00e9. Des chemises en lin Sans poche \u00e0 porter en dehors du pantalon, \u00e0 associer avec un jean ou un chino. La parfaite tenue des beaux jours, \u00e0 porter de jour et en fin de journ\u00e9e l\u00e9g\u00e8rement reboutonn\u00e9e. Laissez-vous porter par vos envies, au programme des pieds dans l\u2019eau, vivre en chemise courtes et voile de lin !\" \/>\n<meta property=\"og:url\" content=\"https:\/\/www.nessuno-butyou.com\/en\/product\/la-chemise-en-lin-sans-poche\/\" \/>\n<meta property=\"og:site_name\" content=\"Nessuno\" \/>\n<meta property=\"article:modified_time\" content=\"2023-06-24T09:01:18+00:00\" \/>\n<meta property=\"og:image\" content=\"https:\/\/www.nessuno-butyou.com\/wp-content\/uploads\/2022\/01\/Nessuno_Button_White.webp\" \/>\n\t<meta property=\"og:image:width\" content=\"800\" \/>\n\t<meta property=\"og:image:height\" content=\"896\" \/>\n\t<meta property=\"og:image:type\" content=\"image\/webp\" \/>\n<meta name=\"twitter:card\" content=\"summary_large_image\" \/>\n<script type=\"application\/ld+json\" class=\"yoast-schema-graph\">{\"@context\":\"https:\/\/schema.org\",\"@graph\":[{\"@type\":\"WebPage\",\"@id\":\"https:\/\/www.nessuno-butyou.com\/produit\/la-chemise-en-lin-sans-poche\/\",\"url\":\"https:\/\/www.nessuno-butyou.com\/produit\/la-chemise-en-lin-sans-poche\/\",\"name\":\"Sans poche - Nessuno\",\"isPartOf\":{\"@id\":\"https:\/\/www.nessuno-butyou.com\/#website\"},\"datePublished\":\"2022-01-14T14:35:14+00:00\",\"dateModified\":\"2023-06-24T09:01:18+00:00\",\"description\":\"Nous vous proposons de nouvelles couleurs et de nouveaux motifs. Du pastel, des bleus bord du L\u00e9man, du classique ou encore m\u00eame du lign\u00e9. Des chemises en lin Sans poche \u00e0 porter en dehors du pantalon, \u00e0 associer avec un jean ou un chino. La parfaite tenue des beaux jours, \u00e0 porter de jour et en fin de journ\u00e9e l\u00e9g\u00e8rement reboutonn\u00e9e. Laissez-vous porter par vos envies, au programme des pieds dans l\u2019eau, vivre en chemise courtes et voile de lin !\",\"breadcrumb\":{\"@id\":\"https:\/\/www.nessuno-butyou.com\/produit\/la-chemise-en-lin-sans-poche\/#breadcrumb\"},\"inLanguage\":\"en-GB\",\"potentialAction\":[{\"@type\":\"ReadAction\",\"target\":[\"https:\/\/www.nessuno-butyou.com\/produit\/la-chemise-en-lin-sans-poche\/\"]}]},{\"@type\":\"BreadcrumbList\",\"@id\":\"https:\/\/www.nessuno-butyou.com\/produit\/la-chemise-en-lin-sans-poche\/#breadcrumb\",\"itemListElement\":[{\"@type\":\"ListItem\",\"position\":1,\"name\":\"Home\",\"item\":\"https:\/\/www.nessuno-butyou.com\/\"},{\"@type\":\"ListItem\",\"position\":2,\"name\":\"Produits\",\"item\":\"https:\/\/www.nessuno-butyou.com\/boutique__trashed\/\"},{\"@type\":\"ListItem\",\"position\":3,\"name\":\"Sans poche\"}]},{\"@type\":\"WebSite\",\"@id\":\"https:\/\/www.nessuno-butyou.com\/#website\",\"url\":\"https:\/\/www.nessuno-butyou.com\/\",\"name\":\"Nessuno\",\"description\":\"Sp\u00e9cialiste du lin\",\"publisher\":{\"@id\":\"https:\/\/www.nessuno-butyou.com\/#organization\"},\"potentialAction\":[{\"@type\":\"SearchAction\",\"target\":{\"@type\":\"EntryPoint\",\"urlTemplate\":\"https:\/\/www.nessuno-butyou.com\/?s={search_term_string}\"},\"query-input\":\"required name=search_term_string\"}],\"inLanguage\":\"en-GB\"},{\"@type\":\"Organization\",\"@id\":\"https:\/\/www.nessuno-butyou.com\/#organization\",\"name\":\"Nessuno\",\"url\":\"https:\/\/www.nessuno-butyou.com\/\",\"logo\":{\"@type\":\"ImageObject\",\"inLanguage\":\"en-GB\",\"@id\":\"https:\/\/www.nessuno-butyou.com\/#\/schema\/logo\/image\/\",\"url\":\"https:\/\/www.nessuno-butyou.com\/wp-content\/uploads\/2021\/08\/Nessuno-Logo.png\",\"contentUrl\":\"https:\/\/www.nessuno-butyou.com\/wp-content\/uploads\/2021\/08\/Nessuno-Logo.png\",\"width\":500,\"height\":85,\"caption\":\"Nessuno\"},\"image\":{\"@id\":\"https:\/\/www.nessuno-butyou.com\/#\/schema\/logo\/image\/\"}}]}<\/script>\n<!-- \/ Yoast SEO plugin. -->","yoast_head_json":{"title":"Sans poche - Nessuno","description":"Nous vous proposons de nouvelles couleurs et de nouveaux motifs. Du pastel, des bleus bord du L\u00e9man, du classique ou encore m\u00eame du lign\u00e9. Des chemises en lin Sans poche \u00e0 porter en dehors du pantalon, \u00e0 associer avec un jean ou un chino. La parfaite tenue des beaux jours, \u00e0 porter de jour et en fin de journ\u00e9e l\u00e9g\u00e8rement reboutonn\u00e9e. Laissez-vous porter par vos envies, au programme des pieds dans l\u2019eau, vivre en chemise courtes et voile de lin !","robots":{"index":"index","follow":"follow","max-snippet":"max-snippet:-1","max-image-preview":"max-image-preview:large","max-video-preview":"max-video-preview:-1"},"canonical":"https:\/\/www.nessuno-butyou.com\/en\/product\/la-chemise-en-lin-sans-poche\/","og_locale":"en_GB","og_type":"article","og_title":"Sans poche - Nessuno","og_description":"Nous vous proposons de nouvelles couleurs et de nouveaux motifs. Du pastel, des bleus bord du L\u00e9man, du classique ou encore m\u00eame du lign\u00e9. Des chemises en lin Sans poche \u00e0 porter en dehors du pantalon, \u00e0 associer avec un jean ou un chino. La parfaite tenue des beaux jours, \u00e0 porter de jour et en fin de journ\u00e9e l\u00e9g\u00e8rement reboutonn\u00e9e. Laissez-vous porter par vos envies, au programme des pieds dans l\u2019eau, vivre en chemise courtes et voile de lin !","og_url":"https:\/\/www.nessuno-butyou.com\/en\/product\/la-chemise-en-lin-sans-poche\/","og_site_name":"Nessuno","article_modified_time":"2023-06-24T09:01:18+00:00","og_image":[{"width":800,"height":896,"url":"https:\/\/www.nessuno-butyou.com\/wp-content\/uploads\/2022\/01\/Nessuno_Button_White.webp","type":"image\/webp"}],"twitter_card":"summary_large_image","schema":{"@context":"https:\/\/schema.org","@graph":[{"@type":"WebPage","@id":"https:\/\/www.nessuno-butyou.com\/produit\/la-chemise-en-lin-sans-poche\/","url":"https:\/\/www.nessuno-butyou.com\/produit\/la-chemise-en-lin-sans-poche\/","name":"Sans poche - Nessuno","isPartOf":{"@id":"https:\/\/www.nessuno-butyou.com\/#website"},"datePublished":"2022-01-14T14:35:14+00:00","dateModified":"2023-06-24T09:01:18+00:00","description":"Nous vous proposons de nouvelles couleurs et de nouveaux motifs. Du pastel, des bleus bord du L\u00e9man, du classique ou encore m\u00eame du lign\u00e9. Des chemises en lin Sans poche \u00e0 porter en dehors du pantalon, \u00e0 associer avec un jean ou un chino. La parfaite tenue des beaux jours, \u00e0 porter de jour et en fin de journ\u00e9e l\u00e9g\u00e8rement reboutonn\u00e9e. Laissez-vous porter par vos envies, au programme des pieds dans l\u2019eau, vivre en chemise courtes et voile de lin !","breadcrumb":{"@id":"https:\/\/www.nessuno-butyou.com\/produit\/la-chemise-en-lin-sans-poche\/#breadcrumb"},"inLanguage":"en-GB","potentialAction":[{"@type":"ReadAction","target":["https:\/\/www.nessuno-butyou.com\/produit\/la-chemise-en-lin-sans-poche\/"]}]},{"@type":"BreadcrumbList","@id":"https:\/\/www.nessuno-butyou.com\/produit\/la-chemise-en-lin-sans-poche\/#breadcrumb","itemListElement":[{"@type":"ListItem","position":1,"name":"Home","item":"https:\/\/www.nessuno-butyou.com\/"},{"@type":"ListItem","position":2,"name":"Produits","item":"https:\/\/www.nessuno-butyou.com\/boutique__trashed\/"},{"@type":"ListItem","position":3,"name":"Sans poche"}]},{"@type":"WebSite","@id":"https:\/\/www.nessuno-butyou.com\/#website","url":"https:\/\/www.nessuno-butyou.com\/","name":"Nessuno","description":"Sp\u00e9cialiste du lin","publisher":{"@id":"https:\/\/www.nessuno-butyou.com\/#organization"},"potentialAction":[{"@type":"SearchAction","target":{"@type":"EntryPoint","urlTemplate":"https:\/\/www.nessuno-butyou.com\/?s={search_term_string}"},"query-input":"required name=search_term_string"}],"inLanguage":"en-GB"},{"@type":"Organization","@id":"https:\/\/www.nessuno-butyou.com\/#organization","name":"Nessuno","url":"https:\/\/www.nessuno-butyou.com\/","logo":{"@type":"ImageObject","inLanguage":"en-GB","@id":"https:\/\/www.nessuno-butyou.com\/#\/schema\/logo\/image\/","url":"https:\/\/www.nessuno-butyou.com\/wp-content\/uploads\/2021\/08\/Nessuno-Logo.png","contentUrl":"https:\/\/www.nessuno-butyou.com\/wp-content\/uploads\/2021\/08\/Nessuno-Logo.png","width":500,"height":85,"caption":"Nessuno"},"image":{"@id":"https:\/\/www.nessuno-butyou.com\/#\/schema\/logo\/image\/"}}]}},"_links":{"self":[{"href":"https:\/\/www.nessuno-butyou.com\/en\/wp-json\/wp\/v2\/product\/29395","targetHints":{"allow":["GET"]}}],"collection":[{"href":"https:\/\/www.nessuno-butyou.com\/en\/wp-json\/wp\/v2\/product"}],"about":[{"href":"https:\/\/www.nessuno-butyou.com\/en\/wp-json\/wp\/v2\/types\/product"}],"wp:featuredmedia":[{"embeddable":true,"href":"https:\/\/www.nessuno-butyou.com\/en\/wp-json\/wp\/v2\/media\/30597"}],"wp:attachment":[{"href":"https:\/\/www.nessuno-butyou.com\/en\/wp-json\/wp\/v2\/media?parent=29395"}],"wp:term":[{"taxonomy":"product_cat","embeddable":true,"href":"https:\/\/www.nessuno-butyou.com\/en\/wp-json\/wp\/v2\/product_cat?post=29395"},{"taxonomy":"product_tag","embeddable":true,"href":"https:\/\/www.nessuno-butyou.com\/en\/wp-json\/wp\/v2\/product_tag?post=29395"}],"curies":[{"name":"wp","href":"https:\/\/api.w.org\/{rel}","templated":true}]}}